{"id":36,"date":"2021-12-12T19:31:40","date_gmt":"2021-12-12T19:31:40","guid":{"rendered":"http:\/\/lalunadiropienka.pl\/wp\/?page_id=36"},"modified":"2023-02-22T10:50:24","modified_gmt":"2023-02-22T10:50:24","slug":"home","status":"publish","type":"page","link":"https:\/\/lalunadiropienka.pl\/","title":{"rendered":"Strona g\u0142\u00f3wna"},"content":{"rendered":"\n\n\n\n\n\n\n\n\n\n\n\n\n\n\n\n<p style=\"text-align: center; \"><font color=\"#f2f2f2\"><span style=\"caret-color: rgb(242, 242, 242);\">Apartament z dusz\u0105<\/span><\/font><\/p>\n\n\n\n\n\n\n\n\n\n\n\n\n\n\n\n\n\n\n\n\n\n\n\n\n\n\n\n\n\n\n\n\n\n\n\n\n\n\n\n\n\n\n\n\n<h2 style=\"font-size: 42px; font-weight: 500; line-height: 1; color: rgb(0, 0, 0); letter-spacing: normal;\">APARTAMENT BIESZCZADY<\/h2>\n\n\n\n\n\n\n\n\n\n\n\n\n\n\n\n\n\n\n\n\n\n\n\n\n\n\n<p style=\"text-align: right; \"><span style=\"font-size: 20px; color: rgb(255, 255, 255);\"><strong style=\"line-height: 1;\">LOREM CORPORATE CEO<\/strong><\/span><\/p><p style=\"text-align: center;\"><span style=\"color: rgb(255, 255, 255);\">Duis aute irure dolor in reprehenderit in voluptate velit esse cillum dolore eu fugiat nulla pariatur. Excepteur sint occaecat cupidatat non proident, sunt in culpa qui officia deserunt mollit anim id est laborum.<\/span><\/p><p style=\"text-align: left;\"><sign>\u00a0 \u00a0 \u00a0 <span style=\"line-height: 2.0;\">Benn Marshall<\/span><\/sign><\/p>\n\n\n<p class=\"MsoNormal\" style=\"margin: 0cm; line-height: normal; font-size: 11pt; font-family: Calibri, sans-serif; caret-color: rgb(0, 0, 0); color: rgb(0, 0, 0); letter-spacing: normal;\"><span style=\"letter-spacing: normal; color: rgb(0, 0, 0); font-family: Helvetica; font-size: 11px;\">La Luna di Ropienka to 4-5-osobowy apartament w pe\u0142ni wyposa\u017cony, z odzielnym wej\u015bciem, \u0142azienk\u0105, aneksem kuchennym. Wok\u00f3\u0142 domu jest pi\u0119kny,&nbsp; ogromy teren, otoczony starymi drzewami i spokojnymi pag\u00f3rkami pokrytymi lasami bukowymi i iglastymi. Apartament znajduje si\u0119 w starej chacie z bali, a ta ukryta jest pomi\u0119dzy Pog\u00f3rzem Przemyskim, a Bieszczadami w g\u00f3rach Sanocko Turcza\u0144skich. W Domu rozbrzmiewa j\u0119zyk polski i w\u0142oski, jest miejsce na lepienie gliny, jest st\u00f3\u0142 do masa\u017cu relaksacyjnego, s\u0105 zio\u0142a, jest stok w Wa\u0144kowej zaraz obok, czarny bez, porzeczki, stare jab\u0142onki, \u015bwietliki w czerwcu, gwiazdy i kosmosy. Do dyspozycji go\u015bci hamaki, le\u017caki i miejsce na ognisko. La Luna to taka przestrze\u0144 cud\u00f3w, tutaj mo\u017cna zostawi\u0107 ziemi\u0119 na chwil\u0119 i \u015bni\u0107. Tutaj mo\u017cna nic nie robi\u0107 lub w\u0119drowa\u0107 po Bieszczadach. Mo\u017cna rozmawia\u0107 z gospodarzami po w\u0142osku albo i nie, lepi\u0107 w glinie albo i nie, uczy\u0107 si\u0119 gotowa\u0107 po w\u0142osku albo i nie. Mo\u017cna te\u017c zaszy\u0107 si\u0119 i ukry\u0107 w zakamarkach podw\u00f3rka czy starej drewnianej chaty i s\u0142ucha\u0107 jej opowie\u015bci&#8230; Do u\u017cytku go\u015bci jest Wi-Fi, ale nie ma TV i nie b\u0119dzie. S\u0105 ksi\u0105\u017cki, jest glina, s\u0105 tusze alkoholowe&#8230; s\u0105 korniki, b\u0142otko. W domu przebywaj\u0105 tylko gospodarze i Pa\u0144stwo w odzielnej cz\u0119\u015bci domu z oddzielnym wej\u015bciem. Nie ma innych go\u015bci, cenimy sobie Wasz spok\u00f3j I kameralno\u015b\u0107.<\/span><br><\/p>\n\n\n\n\n\n\n\n\n<p class=\"MsoNormal\" style=\"margin: 0cm; font-size: medium; font-family: Calibri, sans-serif; caret-color: rgb(0, 0, 0); color: rgb(0, 0, 0); text-align: start;\"><span lang=\"PL\" style=\"font-family: Helvetica; color: white;\">&#8211;&nbsp;<\/span><span style=\"font-family: Helvetica; color: white;\">Wynajem: minimum 2 doby&nbsp;&nbsp;<o:p><\/o:p><\/span><\/p><p class=\"MsoNormal\" style=\"margin: 0cm; font-size: medium; font-family: Calibri, sans-serif; caret-color: rgb(0, 0, 0); color: rgb(0, 0, 0); text-align: start;\"><span style=\"font-family: Helvetica; color: white;\">&#8211; Apartament 5 osobowy&nbsp;<\/span><\/p><p class=\"MsoNormal\" style=\"margin: 0cm; font-size: medium; caret-color: rgb(0, 0, 0); text-align: start;\"><font color=\"#ffffff\" face=\"Helvetica\">&#8211; Cena apartamentu od 450z\u0142 do 550z\u0142 w zale\u017cno\u015bci od sezonu. Przy d\u0142u\u017cszych pobytach powy\u017cej 5 dni, ceny ustalamy indywidualnie.<\/font><\/p><p class=\"MsoNormal\" style=\"margin: 0cm; font-size: medium; font-family: Calibri, sans-serif; caret-color: rgb(0, 0, 0); color: rgb(0, 0, 0); text-align: start;\"><span style=\"font-family: Helvetica; color: white;\">&#8211; Mo\u017cliwo\u015b\u0107 wykupienia \u015bniadania za 30 z\u0142 od osoby<o:p><\/o:p><\/span><\/p><p class=\"MsoNormal\" style=\"margin: 0cm; font-size: medium; font-family: Calibri, sans-serif; caret-color: rgb(0, 0, 0); color: rgb(0, 0, 0); text-align: start;\"><span style=\"font-family: Helvetica; color: white;\">&#8211; Akceptujemy zwierz\u0119ta po uprzednim uzgodnieniu zasad (mamy dzieci i psy w\u0142asne)&nbsp;&nbsp;<o:p><\/o:p><\/span><\/p><p class=\"MsoNormal\" style=\"margin: 0cm; font-size: medium; font-family: Calibri, sans-serif; caret-color: rgb(0, 0, 0); color: rgb(0, 0, 0); text-align: start;\"><span style=\"font-family: Helvetica; color: white;\">&#8211; Koszt zwierz\u0105tka 20 z\u0142 za dob\u0119<o:p><\/o:p><\/span><\/p><p class=\"MsoNormal\" style=\"margin: 0cm; font-size: medium; font-family: Calibri, sans-serif; caret-color: rgb(0, 0, 0); color: rgb(0, 0, 0); text-align: start;\"><span style=\"font-family: Helvetica; color: white;\">&#8211; Ognisko rozpala w\u0142a\u015bciciel, koszt to 30 z\u0142 (za drewno)&nbsp;<o:p><\/o:p><\/span><\/p><p class=\"MsoNormal\" style=\"margin: 0cm; font-size: medium; font-family: Calibri, sans-serif; caret-color: rgb(0, 0, 0); color: rgb(0, 0, 0); text-align: start;\"><span style=\"font-family: Helvetica; color: white;\">&#8211; Warunkiem przyj\u0119cia rezerwacji, jest wp\u0142ata 30% zaliczki bezzwrotnej na konto (w tytule przelewu imi\u0119, nazwisko, data), reszt\u0119 kwoty op\u0142acaj\u0105 pa\u0144stwo w dniu przyjazdu got\u00f3wk\u0105.<o:p><\/o:p><\/span><\/p><p class=\"MsoNormal\" style=\"margin: 0cm; font-size: medium; font-family: Calibri, sans-serif; caret-color: rgb(0, 0, 0); color: rgb(0, 0, 0); text-align: start;\"><span style=\"font-size: 18pt;\"><o:p>&nbsp;<\/o:p><\/span><\/p>\n<p style=\"margin: 0cm; font-size: medium; font-family: &quot;Times New Roman&quot;, serif; caret-color: rgb(0, 0, 0); color: rgb(0, 0, 0); text-align: start;\"><span style=\"font-family: Helvetica; color: white;\">&#8211; Na terenie domu obowi\u0105zuje ca\u0142kowity zakaz palenia papieros\u00f3w i nieodpowiedzialnego u\u017cytkowania ognia. Kara 1200 z\u0142 za&nbsp;z\u0142amanie zasad i nara\u017cenie na niebezpiecze\u0144stwo<o:p><\/o:p><\/span><\/p><p style=\"margin: 0cm; font-size: medium; font-family: &quot;Times New Roman&quot;, serif; color: rgb(0, 0, 0); text-align: start; caret-color: rgb(0, 0, 0);\"><span style=\"font-family: Helvetica; color: white;\">&#8211; \u015aniadania serwujemy w godzinach 8.30 &#8211; 10.00. Osobi\u015bcie nie jadamy mi\u0119sa ale wyznajemy zasad\u0119 \u017cyj i daj \u017cy\u0107, menu ustalamy indywidualnie. Uwaga, osoba gotuj\u0105ca kocha zio\u0142a, mo\u017ce dorzu\u0107i\u0107 babki, krwawnika, podagrycznika czy portulaki&#8230; b\u0105d\u017c czujny.&nbsp;<o:p><\/o:p><\/span><\/p><p style=\"margin: 0cm; font-size: medium; font-family: &quot;Times New Roman&quot;, serif; color: rgb(0, 0, 0); text-align: start; caret-color: rgb(0, 0, 0);\"><span style=\"font-family: Helvetica; color: white;\">Podrzucimy dyskretnie w koszu pod drzwi o um\u00f3wionej godzinie.&nbsp;<o:p><\/o:p><\/span><\/p><p style=\"margin: 0cm; font-size: medium; font-family: &quot;Times New Roman&quot;, serif; color: rgb(0, 0, 0); text-align: start; caret-color: rgb(0, 0, 0);\"><span style=\"font-family: Helvetica; color: white;\">&#8211; Chata jest domem gospodarzy i ich dzieci w edukacji domowej, tutaj r\u00f3wnie\u017c si\u0119 uczymy. Czasem jest ciekawie, czasem weso\u0142o, czasem smutno. B\u0119dzie nam mi\u0142o jak uszanujesz nasz\u0105 przestrze\u0144 i pokochasz nasz dom tak jak i my<o:p><\/o:p><\/span><\/p>\n\n\n\n\n","protected":false},"excerpt":{"rendered":"","protected":false},"author":1,"featured_media":0,"parent":0,"menu_order":0,"comment_status":"closed","ping_status":"closed","template":"","meta":[],"_links":{"self":[{"href":"https:\/\/lalunadiropienka.pl\/index.php?rest_route=\/wp\/v2\/pages\/36"}],"collection":[{"href":"https:\/\/lalunadiropienka.pl\/index.php?rest_route=\/wp\/v2\/pages"}],"about":[{"href":"https:\/\/lalunadiropienka.pl\/index.php?rest_route=\/wp\/v2\/types\/page"}],"author":[{"embeddable":true,"href":"https:\/\/lalunadiropienka.pl\/index.php?rest_route=\/wp\/v2\/users\/1"}],"replies":[{"embeddable":true,"href":"https:\/\/lalunadiropienka.pl\/index.php?rest_route=%2Fwp%2Fv2%2Fcomments&post=36"}],"version-history":[{"count":57,"href":"https:\/\/lalunadiropienka.pl\/index.php?rest_route=\/wp\/v2\/pages\/36\/revisions"}],"predecessor-version":[{"id":275,"href":"https:\/\/lalunadiropienka.pl\/index.php?rest_route=\/wp\/v2\/pages\/36\/revisions\/275"}],"wp:attachment":[{"href":"https:\/\/lalunadiropienka.pl\/index.php?rest_route=%2Fwp%2Fv2%2Fmedia&parent=36"}],"curies":[{"name":"wp","href":"https:\/\/api.w.org\/{rel}","templated":true}]}}