{"id":42,"date":"2021-12-12T19:31:40","date_gmt":"2021-12-12T19:31:40","guid":{"rendered":"http:\/\/lalunadiropienka.pl\/wp\/?page_id=42"},"modified":"2023-02-22T10:56:24","modified_gmt":"2023-02-22T10:56:24","slug":"about-2","status":"publish","type":"page","link":"https:\/\/lalunadiropienka.pl\/?page_id=42","title":{"rendered":"O nas"},"content":{"rendered":"\n\n\n\n<h2><\/h2><h3><\/h3><h1>LA LUNA DI ROPIENKA &#8211; APArTaMENT<\/h1>\n\n\n\n\n\n\n\n\n\n\n\n\n\n\n\n\n\n\n\n\n\n\n\n\n\n\n<p style=\"text-align: right; \"><span style=\"font-size: 20px; color: rgb(255, 255, 255);\"><strong style=\"line-height: 1;\">LOREM CORPORATE CEO<\/strong><\/span><\/p><p style=\"text-align: center;\"><span style=\"color: rgb(255, 255, 255);\">Duis aute irure dolor in reprehenderit in voluptate velit esse cillum dolore eu fugiat nulla pariatur. Excepteur sint occaecat cupidatat non proident, sunt in culpa qui officia deserunt mollit anim id est laborum.<\/span><\/p><p style=\"text-align: left;\"><sign>\u00a0 \u00a0 \u00a0 <span style=\"line-height: 2.0;\">Benn Marshall<\/span><\/sign><\/p>\n\n\n<p><span style=\"letter-spacing: normal; caret-color: rgb(0, 0, 0); color: rgb(0, 0, 0); font-family: Helvetica; font-size: 11px;\">La Luna di Ropienka to 4-5-osobowy apartament w pe\u0142ni wyposa\u017cony, z odzielnym wej\u015bciem, \u0142azienk\u0105, aneksem kuchennym. Wok\u00f3\u0142 domu jest pi\u0119kny,&nbsp; ogromy teren, otoczony starymi drzewami i spokojnymi pag\u00f3rkami pokrytymi lasami bukowymi i iglastymi. Apartament znajduje si\u0119 w starej chacie z bali, a ta ukryta jest pomi\u0119dzy Pog\u00f3rzem Przemyskim, a Bieszczadami w g\u00f3rach Sanocko Turcza\u0144skich. W Domu rozbrzmiewa j\u0119zyk polski i w\u0142oski, jest miejsce na lepienie gliny, jest st\u00f3\u0142 do masa\u017cu relaksacyjnego, s\u0105 zio\u0142a, jest stok w Wa\u0144kowej zaraz obok, czarny bez, porzeczki, stare jab\u0142onki, \u015bwietliki w czerwcu, gwiazdy i kosmosy. Do dyspozycji go\u015bci hamaki, le\u017caki i miejsce na ognisko. La Luna to taka przestrze\u0144 cud\u00f3w, tutaj mo\u017cna zostawi\u0107 ziemi\u0119 na chwil\u0119 i \u015bni\u0107. Tutaj mo\u017cna nic nie robi\u0107 lub w\u0119drowa\u0107 po Bieszczadach. Mo\u017cna rozmawia\u0107 z gospodarzami po w\u0142osku albo i nie, lepi\u0107 w glinie albo i nie, uczy\u0107 si\u0119 gotowa\u0107 po w\u0142osku albo i nie. Mo\u017cna te\u017c zaszy\u0107 si\u0119 i ukry\u0107 w zakamarkach podw\u00f3rka czy starej drewnianej chaty i s\u0142ucha\u0107 jej opowie\u015bci&#8230; Do u\u017cytku go\u015bci jest Wi-Fi, ale nie ma TV i nie b\u0119dzie. S\u0105 ksi\u0105\u017cki, jest glina, s\u0105 tusze alkoholowe&#8230; s\u0105 korniki, b\u0142otko. W domu przebywaj\u0105 tylko gospodarze i Pa\u0144stwo w odzielnej cz\u0119\u015bci domu z oddzielnym wej\u015bciem. Nie ma innych go\u015bci, cenimy sobie Wasz spok\u00f3j I kameralno\u015b\u0107.<\/span><br><\/p>\n\n\n\n\n<p class=\"MsoNormal\" style=\"margin: 0cm; font-size: medium; font-family: Calibri, sans-serif; caret-color: rgb(0, 0, 0); color: rgb(0, 0, 0); letter-spacing: normal;\"><span style=\"font-size: 11.5pt; color: black;\"><br><\/span><\/p>\n<p class=\"MsoNormal\" style=\"margin: 0cm; font-size: medium; font-family: Calibri, sans-serif; caret-color: rgb(0, 0, 0); color: rgb(0, 0, 0); letter-spacing: normal;\"><strong>&nbsp;<\/strong><\/p><h1><\/h1><h2><\/h2><h1><strong><\/strong><strong><\/strong><\/h1><p class=\"MsoNormal\" style=\"margin: 0cm; font-size: medium; font-family: Calibri, sans-serif; caret-color: rgb(0, 0, 0); color: rgb(0, 0, 0); letter-spacing: normal;\"><strong>&nbsp;<\/strong><strong style=\"font-size: medium; letter-spacing: normal;\"><span style=\"font-size: 11.5pt; color: black;\"><strong>W niedalekiej okolicy od La Luna warto odwiedzi\u0107:<\/strong><\/span><\/strong><\/p><p class=\"MsoNormal\" style=\"margin: 0cm; font-size: medium; font-family: Calibri, sans-serif; caret-color: rgb(0, 0, 0); color: rgb(0, 0, 0); letter-spacing: normal;\"><span style=\"font-size: 11.5pt; color: black;\">&#8211; Muzeum Beksinskiego w Sanoku<o:p><\/o:p><\/span><\/p><p class=\"MsoNormal\" style=\"margin: 0cm; font-size: medium; font-family: Calibri, sans-serif; caret-color: rgb(0, 0, 0); color: rgb(0, 0, 0); letter-spacing: normal;\"><span style=\"font-size: 11.5pt; color: black;\">&#8211; Skansen w Sanoku<o:p><\/o:p><\/span><\/p><p class=\"MsoNormal\" style=\"margin: 0cm; font-size: medium; font-family: Calibri, sans-serif; caret-color: rgb(0, 0, 0); color: rgb(0, 0, 0); letter-spacing: normal;\"><span style=\"font-size: 11.5pt; color: black;\">&#8211; Drezyny W Uhercach Mineralnych&nbsp;<o:p><\/o:p><\/span><\/p><p class=\"MsoNormal\" style=\"margin: 0cm; font-size: medium; font-family: Calibri, sans-serif; caret-color: rgb(0, 0, 0); color: rgb(0, 0, 0); letter-spacing: normal;\"><span style=\"font-size: 11.5pt; color: black;\">&#8211; Browar lokalny ursa Maior w Uhercach<o:p><\/o:p><\/span><\/p><p class=\"MsoNormal\" style=\"margin: 0cm; font-size: medium; font-family: Calibri, sans-serif; caret-color: rgb(0, 0, 0); color: rgb(0, 0, 0); letter-spacing: normal;\"><span style=\"font-size: 11.5pt; color: black;\">&#8211; Solina<o:p><\/o:p><\/span><\/p><p class=\"MsoNormal\" style=\"margin: 0cm; font-size: medium; font-family: Calibri, sans-serif; caret-color: rgb(0, 0, 0); color: rgb(0, 0, 0); letter-spacing: normal;\"><span style=\"font-size: 11.5pt; color: black;\">&#8211; Szlaki na bieg\u00f3wki w Ustrzykach Dolnych<o:p><\/o:p><\/span><\/p><p class=\"MsoNormal\" style=\"margin: 0cm; font-size: medium; font-family: Calibri, sans-serif; caret-color: rgb(0, 0, 0); color: rgb(0, 0, 0); letter-spacing: normal;\"><span style=\"font-size: 11.5pt; color: black;\">&#8211; Lodowisko<o:p><\/o:p><\/span><\/p><p class=\"MsoNormal\" style=\"margin: 0cm; font-size: medium; font-family: Calibri, sans-serif; caret-color: rgb(0, 0, 0); color: rgb(0, 0, 0); letter-spacing: normal;\"><span style=\"font-size: 11.5pt; color: black;\">&#8211; Stok BIESZCZAD.ski Wa\u0144kowa<o:p><\/o:p><\/span><\/p><p class=\"MsoNormal\" style=\"margin: 0cm; font-size: medium; font-family: Calibri, sans-serif; caret-color: rgb(0, 0, 0); color: rgb(0, 0, 0); letter-spacing: normal;\"><span style=\"font-size: 11.5pt; color: black;\">&#8211; POGORZE Przemyskie&nbsp;<o:p><\/o:p><\/span><\/p><p class=\"MsoNormal\" style=\"margin: 0cm; font-size: medium; font-family: Calibri, sans-serif; caret-color: rgb(0, 0, 0); color: rgb(0, 0, 0); letter-spacing: normal;\"><span style=\"font-size: 11.5pt; color: black;\">&#8211; Wysokie Bieszczady<o:p><\/o:p><\/span><\/p><p class=\"MsoNormal\" style=\"margin: 0cm; font-size: medium; font-family: Calibri, sans-serif; caret-color: rgb(0, 0, 0); color: rgb(0, 0, 0); letter-spacing: normal;\"><span style=\"font-size: 11.5pt; color: black;\">&#8211; Trasy rowerowe<o:p><\/o:p><\/span><\/p><p class=\"MsoNormal\" style=\"margin: 0cm; font-size: medium; font-family: Calibri, sans-serif; caret-color: rgb(0, 0, 0); color: rgb(0, 0, 0); letter-spacing: normal;\"><span style=\"font-size: 11.5pt; color: black;\">&#8211; Stadniny<o:p><\/o:p><\/span><\/p>\n\n\n\n\n\n\n\n\n\n\n\n\n\n\n\n\n\n\n\n\n\n\n\n\n\n<p style=\"text-align: right; \"><span style=\"font-size: 20px; color: rgb(255, 255, 255);\"><strong style=\"line-height: 1;\">LOREM CORPORATE CEO<\/strong><\/span><\/p><p style=\"text-align: center;\"><span style=\"color: rgb(255, 255, 255);\">Duis aute irure dolor in reprehenderit in voluptate velit esse cillum dolore eu fugiat nulla pariatur. Excepteur sint occaecat cupidatat non proident, sunt in culpa qui officia deserunt mollit anim id est laborum.<\/span><\/p><p style=\"text-align: left;\"><sign>\u00a0 \u00a0 \u00a0 <span style=\"line-height: 2.0;\">Benn Marshall<\/span><\/sign><\/p>\n\n\n\n\n\n\n\n<h2>Opinie<\/h2>\n\n\n<span style=\"font-size: 14px\">Najlepszy domek w bieszczadach, zdecydowanie polecam na weekendowy wyjazd.<\/span><p><span><\/span><\/p>\n<span style=\"font-size: 14px\">Domek znajduje si\u0119 w przepi\u0119knej okolicy z dala od miasta, idealny na odpoczynek.<\/span><p><span><\/span><\/p>\n<p class=\"MsoNormal\" style=\"margin: 0cm; font-size: medium; font-family: &quot;Times New Roman&quot;, serif; caret-color: rgb(0, 0, 0); color: rgb(0, 0, 0); text-align: start;\"><span style=\"font-size: 10.5pt; font-family: Roboto; color: rgb(51, 51, 51);\">Miejsce z klimatem, w domku znajduj\u0105 si\u0119 wszystkie najpotrzebniejsze rzeczy, super kontakt z w\u0142a\u015bcicielami . Polecamy<\/span><span lang=\"PL\" style=\"font-size: 10.5pt; font-family: Roboto; color: rgb(51, 51, 51);\">!<o:p><\/o:p><\/span><\/p><p><span><\/span><\/p>\n\n\n\n\n\n\n\n\n<h2>galeria<\/h2>\n\n<p>Nasz dom znajduje si\u0119 w najpiekniejszych polskich g\u00f3rach bieszczadach. Zapraszamy do zapoznania si\u0119 z fotograficzn\u0105 relacj\u0105 naszego domu i otoczenia.<\/p><p>(Noclegi w Ropience)<\/p>\n\n\n\n\n\n\n\n\n\n\n\n\n\n\n\n\n\n\n\n\n\n\n\n\n\n\n\n\n\n\n\n\n\n\n\n\n\n\n\n\n\n\n\n\n\n\n\n\n\n\n\n\n\n\n\n\n\n\n\n\n\n\n\n\n\n\n\n\n\n\n\n\n\n\n\n\n\n\n\n\n\n\n\n\n\n\n\n\n\n\n\n\n\n\n\n\n\n\n\n\n\n\n\n\n\n\n\n\n\n<h2>La luna di ropienka<\/h2>\n\n\n<p>Apartament z dusz\u0105<\/p>\n\n\n\n","protected":false},"excerpt":{"rendered":"","protected":false},"author":0,"featured_media":0,"parent":0,"menu_order":0,"comment_status":"closed","ping_status":"closed","template":"","meta":[],"_links":{"self":[{"href":"https:\/\/lalunadiropienka.pl\/index.php?rest_route=\/wp\/v2\/pages\/42"}],"collection":[{"href":"https:\/\/lalunadiropienka.pl\/index.php?rest_route=\/wp\/v2\/pages"}],"about":[{"href":"https:\/\/lalunadiropienka.pl\/index.php?rest_route=\/wp\/v2\/types\/page"}],"replies":[{"embeddable":true,"href":"https:\/\/lalunadiropienka.pl\/index.php?rest_route=%2Fwp%2Fv2%2Fcomments&post=42"}],"version-history":[{"count":19,"href":"https:\/\/lalunadiropienka.pl\/index.php?rest_route=\/wp\/v2\/pages\/42\/revisions"}],"predecessor-version":[{"id":286,"href":"https:\/\/lalunadiropienka.pl\/index.php?rest_route=\/wp\/v2\/pages\/42\/revisions\/286"}],"wp:attachment":[{"href":"https:\/\/lalunadiropienka.pl\/index.php?rest_route=%2Fwp%2Fv2%2Fmedia&parent=42"}],"curies":[{"name":"wp","href":"https:\/\/api.w.org\/{rel}","templated":true}]}}